{"id":149,"date":"2023-01-20T17:26:41","date_gmt":"2023-01-20T17:26:41","guid":{"rendered":"http:\/\/americanleather.com.mx\/?page_id=149"},"modified":"2023-05-16T02:03:04","modified_gmt":"2023-05-16T02:03:04","slug":"productos","status":"publish","type":"page","link":"https:\/\/americanleather.com.mx\/?page_id=149","title":{"rendered":"Productos"},"content":{"rendered":"\n\n\n\n<p>Aplicaciones<\/p>\n\n\n\n\n\nPara Marroquiner\u00eda\n<p>La marroquiner\u00eda es un concepto que procede del t\u00e9rmino franc\u00e9s \u201cmaroquin\u201d.&nbsp; Esto se debe a que los artesanos de Marruecos sol\u00edan ser los m\u00e1s h\u00e1biles en trabajar el cuero. En el imperio romano los artesanos utilizaban esta t\u00e9cnica para dise\u00f1ar sandalias, armaduras livianas o inclusos bolsos. Es por eso que nuestra empresa se dedica vigorosamente a proveer la mejor calidad en cuero para las tener\u00edas que se enfocan en procesar la piel para el sector de la marroquiner\u00eda.<br><br><br><\/p>\n\n\n\n\n\n\n\nPara sector automotr\u00edz\n<p>En la \u00faltima d\u00e9cada la industria automotriz ha desplazado a la industria del calzado, hasta acaparar la mitad de la producci\u00f3n de cueros y pieles en el pa\u00eds.<\/p><p>De los casi 30 mil cueros que diariamente se curten en Guanajuato, m\u00e1s de la mitad se destinan a la industria automotriz. American Leather se compromete con la provedur\u00eda de cuero con la mejor calidad y los est\u00e1ndares necesarios para las empresas que se dedican a curtir la piel ya sea para volantes, door panels, asientos, tableros, consolas, entre otros componentes.<br><\/p>\n\n\n\n\n\n\n\npara tapicer\u00eda\n<p>American Leather entiende la necesidad de las tener\u00edas que se enfocan en procesar piel para muebler\u00eda , ya sea para uso residencial, oficina u hoteler\u00eda. Garantizamos la m\u00e1s alta calidad de cuero para que nuestros clientes logren todos los proyectos que tengan en mente.<br><\/p>\n\n\n\n\n\n\n\npara calzado\n<p>American Leather es una empresa que conoce como funciona el sector del calzado, es por eso que ayudamos a nuestros clientes a generar confort con una variedad de productos. Proveemos cuero para tener\u00edas que se especializan en curtir piel para el sector del calzado y&nbsp; que necesitan una gran cantidad de volumen, teniendo en cuenta calidad y tiempos de entrega.&nbsp; Estamos comprometidos con nuestra cartera de clientes en brindar la mejor atenci\u00f3n.&nbsp;&nbsp;<br><\/p>\n\n\n\n\n\n\n\n\n<p>Productos<\/p>\n\n\n\n\n\n<span>Cuero dividido integral y cal de origen Nacional o Americano de 190 a 240 dec\u00edmetros, con caracter\u00edsticas de mayor \u00e1rea y suavidad, con materiales sustentables.<br><br><br><\/span>\n<p style=\"text-align: justify; color: rgb(0, 0, 0);\">Carnaza de origen Nacional o Americano despielado mec\u00e1nico, libre de sustancias restringidas. Desde 8 a 14 kg.<br><br><br><br><br><br><\/p>\n<p style=\"text-align: justify;\"><span style=\"font-size: x-small; color: rgb(0, 0, 0);\">Dividido en 20\/22 mm m\u00e1ximo,&nbsp;hecho en plantas certificadas, curtido con materiales&nbsp;compostables y sustentables que tardan 90 d\u00edas m\u00e1ximo en su biodegradaci\u00f3n.<\/span><\/p>\n\n\n\n\nNovillo Pinto y Color: Origen Norte del pa\u00eds de 28 a 30kg mec\u00e1nico\/ convencional.<div><div>Vaca Pinta: Origen Norte del pa\u00eds de 24 a 26 kg mec\u00e1nico\/ convencional.<\/div><\/div>\nCuero integral de origen Nacional o&nbsp; Americano de 380 a 420 dec\u00edmetros con peso de 22 a 24 kg, selecciones TR1, TR2 y TR3, mec\u00e1nico, hecho en plantas certificadas&nbsp;&nbsp;con materiales sustentables, libre de sustancias restringidas y fenoles.\nNovillo Pinto: 60 a 62 lb, 80% nativo y 20% marcado y descarnado.<span style=\"color:#000000;\"><p>Vaquilla Pinta: 54 a 56 lb, 50% nativo y 50% marcado y descarnado.<\/p><p>Toro: 85 a 95 lb, 50% nativo y 50% marcado y convencional<\/p><\/span><p>.<\/p>\n\n\n\n\n<h3 id=\"ancla1\">DESARROLLOS<\/h3>\n\n\n<p><span style=\"color: rgb(102, 163, 224);\">Curtici\u00f3n: WET WHITE<\/span>&nbsp;<span style=\"color: rgb(102, 185, 102);\">BIO<\/span><br><\/p>\n<p><span style=\"color: rgb(102, 163, 224);\">Recurtici\u00f3n:<\/span>&nbsp;<span style=\"color: rgb(102, 185, 102);\">BIO<\/span>&nbsp;<span style=\"color: rgb(102, 163, 224);\">CRUST<\/span><br><\/p>\n<p style=\"text-align: justify;\"><span style=\"color:#66a3e0;\">Nuestro WW<span style=\"color:#66b966;\">BIO<\/span> cumple con los l\u00edmites m\u00e1s estrictos con respecto al contenido de materiales pesados por lo que se podr\u00eda usar como fertilizante en los sectores agr\u00edcolas. Con nuestro sistema <span style=\"color:#66b966;\">BIO<\/span>LEATHER se consiguen pieles curtidas y subproductos que sirven para la producci\u00f3n de fertilizantes. Nuestras mezclas de <span style=\"color:#66b966;\">BIO<\/span>CRUST Y <span style=\"color:#66b966;\">COMPOST<\/span> se degradan en 136 d\u00edas.<\/span><br><\/p>\n\n\n\n\n\n\n\n","protected":false},"excerpt":{"rendered":"","protected":false},"author":1,"featured_media":0,"parent":0,"menu_order":0,"comment_status":"closed","ping_status":"closed","template":"","meta":{"_joinchat":[],"footnotes":""},"class_list":["post-149","page","type-page","status-publish","hentry"],"yoast_head":"<!-- This site is optimized with the Yoast SEO plugin v21.2 - https:\/\/yoast.com\/wordpress\/plugins\/seo\/ -->\n<title>Productos - Ame Leather Company<\/title>\n<meta name=\"robots\" content=\"index, follow, max-snippet:-1, max-image-preview:large, max-video-preview:-1\" \/>\n<link rel=\"canonical\" href=\"https:\/\/americanleather.com.mx\/?page_id=149\" \/>\n<meta property=\"og:locale\" content=\"es_ES\" \/>\n<meta property=\"og:type\" content=\"article\" \/>\n<meta property=\"og:title\" content=\"Productos - Ame Leather Company\" \/>\n<meta property=\"og:url\" content=\"https:\/\/americanleather.com.mx\/?page_id=149\" \/>\n<meta property=\"og:site_name\" content=\"Ame Leather Company\" \/>\n<meta property=\"article:modified_time\" content=\"2023-05-16T02:03:04+00:00\" \/>\n<meta name=\"twitter:card\" content=\"summary_large_image\" \/>\n<meta name=\"twitter:label1\" content=\"Tiempo de lectura\" \/>\n\t<meta name=\"twitter:data1\" content=\"3 minutos\" \/>\n<script type=\"application\/ld+json\" class=\"yoast-schema-graph\">{\"@context\":\"https:\/\/schema.org\",\"@graph\":[{\"@type\":\"WebPage\",\"@id\":\"https:\/\/americanleather.com.mx\/?page_id=149\",\"url\":\"https:\/\/americanleather.com.mx\/?page_id=149\",\"name\":\"Productos - Ame Leather Company\",\"isPartOf\":{\"@id\":\"https:\/\/americanleather.com.mx\/#website\"},\"datePublished\":\"2023-01-20T17:26:41+00:00\",\"dateModified\":\"2023-05-16T02:03:04+00:00\",\"breadcrumb\":{\"@id\":\"https:\/\/americanleather.com.mx\/?page_id=149#breadcrumb\"},\"inLanguage\":\"es\",\"potentialAction\":[{\"@type\":\"ReadAction\",\"target\":[\"https:\/\/americanleather.com.mx\/?page_id=149\"]}]},{\"@type\":\"BreadcrumbList\",\"@id\":\"https:\/\/americanleather.com.mx\/?page_id=149#breadcrumb\",\"itemListElement\":[{\"@type\":\"ListItem\",\"position\":1,\"name\":\"Portada\",\"item\":\"https:\/\/americanleather.com.mx\/\"},{\"@type\":\"ListItem\",\"position\":2,\"name\":\"Productos\"}]},{\"@type\":\"WebSite\",\"@id\":\"https:\/\/americanleather.com.mx\/#website\",\"url\":\"https:\/\/americanleather.com.mx\/\",\"name\":\"Ame Leather Company\",\"description\":\"Cueros y Pieles\",\"publisher\":{\"@id\":\"https:\/\/americanleather.com.mx\/#organization\"},\"potentialAction\":[{\"@type\":\"SearchAction\",\"target\":{\"@type\":\"EntryPoint\",\"urlTemplate\":\"https:\/\/americanleather.com.mx\/?s={search_term_string}\"},\"query-input\":\"required name=search_term_string\"}],\"inLanguage\":\"es\"},{\"@type\":\"Organization\",\"@id\":\"https:\/\/americanleather.com.mx\/#organization\",\"name\":\"Ame Leather Company\",\"url\":\"https:\/\/americanleather.com.mx\/\",\"logo\":{\"@type\":\"ImageObject\",\"inLanguage\":\"es\",\"@id\":\"https:\/\/americanleather.com.mx\/#\/schema\/logo\/image\/\",\"url\":\"https:\/\/americanleather.com.mx\/wp-content\/uploads\/2023\/01\/cropped-American-Logo-Vino-scaled-1.jpg\",\"contentUrl\":\"https:\/\/americanleather.com.mx\/wp-content\/uploads\/2023\/01\/cropped-American-Logo-Vino-scaled-1.jpg\",\"width\":2462,\"height\":1046,\"caption\":\"Ame Leather Company\"},\"image\":{\"@id\":\"https:\/\/americanleather.com.mx\/#\/schema\/logo\/image\/\"}}]}<\/script>\n<!-- \/ Yoast SEO plugin. -->","yoast_head_json":{"title":"Productos - Ame Leather Company","robots":{"index":"index","follow":"follow","max-snippet":"max-snippet:-1","max-image-preview":"max-image-preview:large","max-video-preview":"max-video-preview:-1"},"canonical":"https:\/\/americanleather.com.mx\/?page_id=149","og_locale":"es_ES","og_type":"article","og_title":"Productos - Ame Leather Company","og_url":"https:\/\/americanleather.com.mx\/?page_id=149","og_site_name":"Ame Leather Company","article_modified_time":"2023-05-16T02:03:04+00:00","twitter_card":"summary_large_image","twitter_misc":{"Tiempo de lectura":"3 minutos"},"schema":{"@context":"https:\/\/schema.org","@graph":[{"@type":"WebPage","@id":"https:\/\/americanleather.com.mx\/?page_id=149","url":"https:\/\/americanleather.com.mx\/?page_id=149","name":"Productos - Ame Leather Company","isPartOf":{"@id":"https:\/\/americanleather.com.mx\/#website"},"datePublished":"2023-01-20T17:26:41+00:00","dateModified":"2023-05-16T02:03:04+00:00","breadcrumb":{"@id":"https:\/\/americanleather.com.mx\/?page_id=149#breadcrumb"},"inLanguage":"es","potentialAction":[{"@type":"ReadAction","target":["https:\/\/americanleather.com.mx\/?page_id=149"]}]},{"@type":"BreadcrumbList","@id":"https:\/\/americanleather.com.mx\/?page_id=149#breadcrumb","itemListElement":[{"@type":"ListItem","position":1,"name":"Portada","item":"https:\/\/americanleather.com.mx\/"},{"@type":"ListItem","position":2,"name":"Productos"}]},{"@type":"WebSite","@id":"https:\/\/americanleather.com.mx\/#website","url":"https:\/\/americanleather.com.mx\/","name":"Ame Leather Company","description":"Cueros y Pieles","publisher":{"@id":"https:\/\/americanleather.com.mx\/#organization"},"potentialAction":[{"@type":"SearchAction","target":{"@type":"EntryPoint","urlTemplate":"https:\/\/americanleather.com.mx\/?s={search_term_string}"},"query-input":"required name=search_term_string"}],"inLanguage":"es"},{"@type":"Organization","@id":"https:\/\/americanleather.com.mx\/#organization","name":"Ame Leather Company","url":"https:\/\/americanleather.com.mx\/","logo":{"@type":"ImageObject","inLanguage":"es","@id":"https:\/\/americanleather.com.mx\/#\/schema\/logo\/image\/","url":"https:\/\/americanleather.com.mx\/wp-content\/uploads\/2023\/01\/cropped-American-Logo-Vino-scaled-1.jpg","contentUrl":"https:\/\/americanleather.com.mx\/wp-content\/uploads\/2023\/01\/cropped-American-Logo-Vino-scaled-1.jpg","width":2462,"height":1046,"caption":"Ame Leather Company"},"image":{"@id":"https:\/\/americanleather.com.mx\/#\/schema\/logo\/image\/"}}]}},"_links":{"self":[{"href":"https:\/\/americanleather.com.mx\/index.php?rest_route=\/wp\/v2\/pages\/149","targetHints":{"allow":["GET"]}}],"collection":[{"href":"https:\/\/americanleather.com.mx\/index.php?rest_route=\/wp\/v2\/pages"}],"about":[{"href":"https:\/\/americanleather.com.mx\/index.php?rest_route=\/wp\/v2\/types\/page"}],"author":[{"embeddable":true,"href":"https:\/\/americanleather.com.mx\/index.php?rest_route=\/wp\/v2\/users\/1"}],"replies":[{"embeddable":true,"href":"https:\/\/americanleather.com.mx\/index.php?rest_route=%2Fwp%2Fv2%2Fcomments&post=149"}],"version-history":[{"count":63,"href":"https:\/\/americanleather.com.mx\/index.php?rest_route=\/wp\/v2\/pages\/149\/revisions"}],"predecessor-version":[{"id":454,"href":"https:\/\/americanleather.com.mx\/index.php?rest_route=\/wp\/v2\/pages\/149\/revisions\/454"}],"wp:attachment":[{"href":"https:\/\/americanleather.com.mx\/index.php?rest_route=%2Fwp%2Fv2%2Fmedia&parent=149"}],"curies":[{"name":"wp","href":"https:\/\/api.w.org\/{rel}","templated":true}]}}