{"id":30,"date":"2023-01-27T04:48:52","date_gmt":"2023-01-27T04:48:52","guid":{"rendered":"http:\/\/americanleather.com.mx\/contact\/"},"modified":"2023-09-14T21:47:36","modified_gmt":"2023-09-14T21:47:36","slug":"contact","status":"publish","type":"page","link":"https:\/\/americanleather.com.mx\/?page_id=30","title":{"rendered":"Contact"},"content":{"rendered":"\n\n\n<h4>\u00bfc\u00f3mo podemos ayudarte?<\/h4>\n<p style=\"text-align: center\">Nos puedes encontrar en nuestras p\u00e1ginas de Facebook, Twitter, Instagram o bien m\u00e1ndanos un correo para poder atenderte de manera m\u00e1s personalizada.<\/p>\n\n\n\n\n\n\n\n\n\n\n\n\n\n\n\n\n\n\n\n\n<p><span>+52 (479)&nbsp; 269 6960<\/span><\/p>\n\n\n<p><span style=\"font-size: x-small;\">ventas@americanleather.com.mx<\/span><\/p>\n\n\n\n","protected":false},"excerpt":{"rendered":"","protected":false},"author":0,"featured_media":0,"parent":0,"menu_order":0,"comment_status":"closed","ping_status":"closed","template":"","meta":{"_joinchat":[],"footnotes":""},"class_list":["post-30","page","type-page","status-publish","hentry"],"yoast_head":"<!-- This site is optimized with the Yoast SEO plugin v21.2 - https:\/\/yoast.com\/wordpress\/plugins\/seo\/ -->\n<title>Contact - Ame Leather Company<\/title>\n<meta name=\"robots\" content=\"index, follow, max-snippet:-1, max-image-preview:large, max-video-preview:-1\" \/>\n<link rel=\"canonical\" href=\"https:\/\/americanleather.com.mx\/?page_id=30\" \/>\n<meta property=\"og:locale\" content=\"es_ES\" \/>\n<meta property=\"og:type\" content=\"article\" \/>\n<meta property=\"og:title\" content=\"Contact - Ame Leather Company\" \/>\n<meta property=\"og:url\" content=\"https:\/\/americanleather.com.mx\/?page_id=30\" \/>\n<meta property=\"og:site_name\" content=\"Ame Leather Company\" \/>\n<meta property=\"article:modified_time\" content=\"2023-09-14T21:47:36+00:00\" \/>\n<meta name=\"twitter:card\" content=\"summary_large_image\" \/>\n<script type=\"application\/ld+json\" class=\"yoast-schema-graph\">{\"@context\":\"https:\/\/schema.org\",\"@graph\":[{\"@type\":\"WebPage\",\"@id\":\"https:\/\/americanleather.com.mx\/?page_id=30\",\"url\":\"https:\/\/americanleather.com.mx\/?page_id=30\",\"name\":\"Contact - Ame Leather Company\",\"isPartOf\":{\"@id\":\"https:\/\/americanleather.com.mx\/#website\"},\"datePublished\":\"2023-01-27T04:48:52+00:00\",\"dateModified\":\"2023-09-14T21:47:36+00:00\",\"breadcrumb\":{\"@id\":\"https:\/\/americanleather.com.mx\/?page_id=30#breadcrumb\"},\"inLanguage\":\"es\",\"potentialAction\":[{\"@type\":\"ReadAction\",\"target\":[\"https:\/\/americanleather.com.mx\/?page_id=30\"]}]},{\"@type\":\"BreadcrumbList\",\"@id\":\"https:\/\/americanleather.com.mx\/?page_id=30#breadcrumb\",\"itemListElement\":[{\"@type\":\"ListItem\",\"position\":1,\"name\":\"Portada\",\"item\":\"https:\/\/americanleather.com.mx\/\"},{\"@type\":\"ListItem\",\"position\":2,\"name\":\"Contact\"}]},{\"@type\":\"WebSite\",\"@id\":\"https:\/\/americanleather.com.mx\/#website\",\"url\":\"https:\/\/americanleather.com.mx\/\",\"name\":\"Ame Leather Company\",\"description\":\"Cueros y Pieles\",\"publisher\":{\"@id\":\"https:\/\/americanleather.com.mx\/#organization\"},\"potentialAction\":[{\"@type\":\"SearchAction\",\"target\":{\"@type\":\"EntryPoint\",\"urlTemplate\":\"https:\/\/americanleather.com.mx\/?s={search_term_string}\"},\"query-input\":\"required name=search_term_string\"}],\"inLanguage\":\"es\"},{\"@type\":\"Organization\",\"@id\":\"https:\/\/americanleather.com.mx\/#organization\",\"name\":\"Ame Leather Company\",\"url\":\"https:\/\/americanleather.com.mx\/\",\"logo\":{\"@type\":\"ImageObject\",\"inLanguage\":\"es\",\"@id\":\"https:\/\/americanleather.com.mx\/#\/schema\/logo\/image\/\",\"url\":\"https:\/\/americanleather.com.mx\/wp-content\/uploads\/2023\/01\/cropped-American-Logo-Vino-scaled-1.jpg\",\"contentUrl\":\"https:\/\/americanleather.com.mx\/wp-content\/uploads\/2023\/01\/cropped-American-Logo-Vino-scaled-1.jpg\",\"width\":2462,\"height\":1046,\"caption\":\"Ame Leather Company\"},\"image\":{\"@id\":\"https:\/\/americanleather.com.mx\/#\/schema\/logo\/image\/\"}}]}<\/script>\n<!-- \/ Yoast SEO plugin. -->","yoast_head_json":{"title":"Contact - Ame Leather Company","robots":{"index":"index","follow":"follow","max-snippet":"max-snippet:-1","max-image-preview":"max-image-preview:large","max-video-preview":"max-video-preview:-1"},"canonical":"https:\/\/americanleather.com.mx\/?page_id=30","og_locale":"es_ES","og_type":"article","og_title":"Contact - Ame Leather Company","og_url":"https:\/\/americanleather.com.mx\/?page_id=30","og_site_name":"Ame Leather Company","article_modified_time":"2023-09-14T21:47:36+00:00","twitter_card":"summary_large_image","schema":{"@context":"https:\/\/schema.org","@graph":[{"@type":"WebPage","@id":"https:\/\/americanleather.com.mx\/?page_id=30","url":"https:\/\/americanleather.com.mx\/?page_id=30","name":"Contact - Ame Leather Company","isPartOf":{"@id":"https:\/\/americanleather.com.mx\/#website"},"datePublished":"2023-01-27T04:48:52+00:00","dateModified":"2023-09-14T21:47:36+00:00","breadcrumb":{"@id":"https:\/\/americanleather.com.mx\/?page_id=30#breadcrumb"},"inLanguage":"es","potentialAction":[{"@type":"ReadAction","target":["https:\/\/americanleather.com.mx\/?page_id=30"]}]},{"@type":"BreadcrumbList","@id":"https:\/\/americanleather.com.mx\/?page_id=30#breadcrumb","itemListElement":[{"@type":"ListItem","position":1,"name":"Portada","item":"https:\/\/americanleather.com.mx\/"},{"@type":"ListItem","position":2,"name":"Contact"}]},{"@type":"WebSite","@id":"https:\/\/americanleather.com.mx\/#website","url":"https:\/\/americanleather.com.mx\/","name":"Ame Leather Company","description":"Cueros y Pieles","publisher":{"@id":"https:\/\/americanleather.com.mx\/#organization"},"potentialAction":[{"@type":"SearchAction","target":{"@type":"EntryPoint","urlTemplate":"https:\/\/americanleather.com.mx\/?s={search_term_string}"},"query-input":"required name=search_term_string"}],"inLanguage":"es"},{"@type":"Organization","@id":"https:\/\/americanleather.com.mx\/#organization","name":"Ame Leather Company","url":"https:\/\/americanleather.com.mx\/","logo":{"@type":"ImageObject","inLanguage":"es","@id":"https:\/\/americanleather.com.mx\/#\/schema\/logo\/image\/","url":"https:\/\/americanleather.com.mx\/wp-content\/uploads\/2023\/01\/cropped-American-Logo-Vino-scaled-1.jpg","contentUrl":"https:\/\/americanleather.com.mx\/wp-content\/uploads\/2023\/01\/cropped-American-Logo-Vino-scaled-1.jpg","width":2462,"height":1046,"caption":"Ame Leather Company"},"image":{"@id":"https:\/\/americanleather.com.mx\/#\/schema\/logo\/image\/"}}]}},"_links":{"self":[{"href":"https:\/\/americanleather.com.mx\/index.php?rest_route=\/wp\/v2\/pages\/30","targetHints":{"allow":["GET"]}}],"collection":[{"href":"https:\/\/americanleather.com.mx\/index.php?rest_route=\/wp\/v2\/pages"}],"about":[{"href":"https:\/\/americanleather.com.mx\/index.php?rest_route=\/wp\/v2\/types\/page"}],"replies":[{"embeddable":true,"href":"https:\/\/americanleather.com.mx\/index.php?rest_route=%2Fwp%2Fv2%2Fcomments&post=30"}],"version-history":[{"count":17,"href":"https:\/\/americanleather.com.mx\/index.php?rest_route=\/wp\/v2\/pages\/30\/revisions"}],"predecessor-version":[{"id":464,"href":"https:\/\/americanleather.com.mx\/index.php?rest_route=\/wp\/v2\/pages\/30\/revisions\/464"}],"wp:attachment":[{"href":"https:\/\/americanleather.com.mx\/index.php?rest_route=%2Fwp%2Fv2%2Fmedia&parent=30"}],"curies":[{"name":"wp","href":"https:\/\/api.w.org\/{rel}","templated":true}]}}