{"id":31,"date":"2023-01-12T00:55:52","date_gmt":"2023-01-12T00:55:52","guid":{"rendered":"http:\/\/americanleather.com.mx\/home\/"},"modified":"2023-05-25T03:49:07","modified_gmt":"2023-05-25T03:49:07","slug":"home","status":"publish","type":"page","link":"https:\/\/americanleather.com.mx\/","title":{"rendered":"Pagina Principal"},"content":{"rendered":"\n\n\n<h4>\u00bfQui\u00e9nes Somos?<\/h4>\n<p>Somos una empresa ubicada en Le\u00f3n, GTO. Contamos con m\u00e1s de 20 a\u00f1os de experiencia en el mercado especializandonos en la provedur\u00eda de cuero para la industr\u00eda de tapicer\u00eda, automotriz, calzado y marroquiner\u00eda. En American Leather nos comprometemos con el medio ambiente con procesos eficientes que cuidan el ahorro de hasta el 50% de agua con qu\u00edmicos sin sustancias restringidas.<\/p>\n\n\n\n\n\n\n\n\n<span style=\"color: rgb(192, 169, 120);\">APLICACIONES<\/span>\n\n\n\n\n\n\n\n\n\n\n\n<h4 style=\"color: rgb(0, 0, 0); font-family: Assistant; text-align: center;\"><span style=\"color: rgb(0, 0, 0);\"><span style=\"font-size: x-large; color: rgb(102, 102, 0);\"><\/span><\/span><span style=\"color:#b09863ff;\"><span style=\"\"><span style=\"font-size: medium;\">Nuestra variedad de<\/span><span style=\"font-size: x-large;\"><\/span> <\/span><span style=\"font-size: large;\"><strong><em style=\"font-size: x-small;\"><span style=\"font-size: x-small;\">pro<span style=\"color:#b2b200;\"><\/span>ductos<\/span><\/em><\/strong><\/span><\/span><p><\/p><\/h4>\n\n\n\n\n\n\n<span style=\"text-align: left;\">Novillo pinto, vaquilla pinta y toro, mec\u00e1nico \/ descarnado.<\/span>\n\n\n\n\n\n\n<span style=\"text-align: left;\">Novillo pinto, novillo de color, y vaca pinta mec\u00e1nico convencional.<\/span>\n\n\n\n\n\n\nCuero de bovino dividido en 20\/22 mm m\u00e1ximo.&nbsp; Curtido con materiales biodegradables y sustentables.\n\n\n\n\n\n\n\n\nCuero Wet Blue&nbsp;Nacional y Americano, despielado mec\u00e1nico.\n\n\n\n\n\n\nCuero Wet Blue Nacional o Americano, dividido mec\u00e1nico para corte, forro y tapicer\u00eda.\n\n\n\n\n\n\nCarnaza de origen nacional, despielado mec\u00e1nico.\n\n\n\n\n\n\n\n\n\n\n\n<h1>Nos preocupamos por el Medio Ambiente<\/h1>\n\n\n\n<p>Las pieles curtidas al cromo presentan una muy baja biodegradabilidad, es indispensable buscar alternativas si queremos adaptarnos a los nuevos tiempos.<\/p>\n\n\n<p>Tenemos procesos tan eficientes que contamos con ahorros de agua de hasta un 50% y sin sustancias restringidas.<br><\/p>\n\n\n<span style=\"color: rgb(96, 96, 96);\">Con nuestro sistema&nbsp;<\/span><span style=\"color: rgb(102, 185, 102);\">BIO<\/span><span style=\"color: rgb(96, 96, 96);\">LEATHER se consiguen pieles curtidas y subproductos (virutas) que se pueden utilizar en la producci\u00f3n de fertilizantes.<\/span>\n\n\n\n\n\n\n<h4>Nuestro Servicio<\/h4>\n<p style=\"text-align: center\">American Leather se especializa en la atenci\u00f3n al cliente solucionando los problemas de abasto, servicio y calidad. Asimismo, asesorando y brindando las mejores opciones, enfoc\u00e1ndonos en cada detalle de sus necesidades.<\/p>\n<h6>SIEMPRE A LA VANGUARDIA<\/h6>\n\nInnovaci\u00f3n en procesos.\nResponsables con el medio ambiente.\nCertificaciones.\n\n\n<p style=\"text-align: center\">Contamos con las certificaciones de:<\/p>\n\n\n\n\n\n\n\n","protected":false},"excerpt":{"rendered":"","protected":false},"author":1,"featured_media":0,"parent":0,"menu_order":0,"comment_status":"closed","ping_status":"closed","template":"","meta":{"_joinchat":[],"footnotes":""},"class_list":["post-31","page","type-page","status-publish","hentry"],"yoast_head":"<!-- This site is optimized with the Yoast SEO plugin v21.2 - https:\/\/yoast.com\/wordpress\/plugins\/seo\/ -->\n<title>Pagina Principal - Ame Leather Company<\/title>\n<meta name=\"robots\" content=\"index, follow, max-snippet:-1, max-image-preview:large, max-video-preview:-1\" \/>\n<link rel=\"canonical\" href=\"https:\/\/americanleather.com.mx\/\" \/>\n<meta property=\"og:locale\" content=\"es_ES\" \/>\n<meta property=\"og:type\" content=\"article\" \/>\n<meta property=\"og:title\" content=\"Pagina Principal - Ame Leather Company\" \/>\n<meta property=\"og:url\" content=\"https:\/\/americanleather.com.mx\/\" \/>\n<meta property=\"og:site_name\" content=\"Ame Leather Company\" \/>\n<meta property=\"article:modified_time\" content=\"2023-05-25T03:49:07+00:00\" \/>\n<meta name=\"twitter:card\" content=\"summary_large_image\" \/>\n<meta name=\"twitter:label1\" content=\"Tiempo de lectura\" \/>\n\t<meta name=\"twitter:data1\" content=\"1 minuto\" \/>\n<script type=\"application\/ld+json\" class=\"yoast-schema-graph\">{\"@context\":\"https:\/\/schema.org\",\"@graph\":[{\"@type\":\"WebPage\",\"@id\":\"https:\/\/americanleather.com.mx\/\",\"url\":\"https:\/\/americanleather.com.mx\/\",\"name\":\"Pagina Principal - Ame Leather Company\",\"isPartOf\":{\"@id\":\"https:\/\/americanleather.com.mx\/#website\"},\"datePublished\":\"2023-01-12T00:55:52+00:00\",\"dateModified\":\"2023-05-25T03:49:07+00:00\",\"breadcrumb\":{\"@id\":\"https:\/\/americanleather.com.mx\/#breadcrumb\"},\"inLanguage\":\"es\",\"potentialAction\":[{\"@type\":\"ReadAction\",\"target\":[\"https:\/\/americanleather.com.mx\/\"]}]},{\"@type\":\"BreadcrumbList\",\"@id\":\"https:\/\/americanleather.com.mx\/#breadcrumb\",\"itemListElement\":[{\"@type\":\"ListItem\",\"position\":1,\"name\":\"Portada\",\"item\":\"https:\/\/americanleather.com.mx\/\"},{\"@type\":\"ListItem\",\"position\":2,\"name\":\"Pagina Principal\"}]},{\"@type\":\"WebSite\",\"@id\":\"https:\/\/americanleather.com.mx\/#website\",\"url\":\"https:\/\/americanleather.com.mx\/\",\"name\":\"Ame Leather Company\",\"description\":\"Cueros y Pieles\",\"publisher\":{\"@id\":\"https:\/\/americanleather.com.mx\/#organization\"},\"potentialAction\":[{\"@type\":\"SearchAction\",\"target\":{\"@type\":\"EntryPoint\",\"urlTemplate\":\"https:\/\/americanleather.com.mx\/?s={search_term_string}\"},\"query-input\":\"required name=search_term_string\"}],\"inLanguage\":\"es\"},{\"@type\":\"Organization\",\"@id\":\"https:\/\/americanleather.com.mx\/#organization\",\"name\":\"Ame Leather Company\",\"url\":\"https:\/\/americanleather.com.mx\/\",\"logo\":{\"@type\":\"ImageObject\",\"inLanguage\":\"es\",\"@id\":\"https:\/\/americanleather.com.mx\/#\/schema\/logo\/image\/\",\"url\":\"https:\/\/americanleather.com.mx\/wp-content\/uploads\/2023\/01\/cropped-American-Logo-Vino-scaled-1.jpg\",\"contentUrl\":\"https:\/\/americanleather.com.mx\/wp-content\/uploads\/2023\/01\/cropped-American-Logo-Vino-scaled-1.jpg\",\"width\":2462,\"height\":1046,\"caption\":\"Ame Leather Company\"},\"image\":{\"@id\":\"https:\/\/americanleather.com.mx\/#\/schema\/logo\/image\/\"}}]}<\/script>\n<!-- \/ Yoast SEO plugin. -->","yoast_head_json":{"title":"Pagina Principal - Ame Leather Company","robots":{"index":"index","follow":"follow","max-snippet":"max-snippet:-1","max-image-preview":"max-image-preview:large","max-video-preview":"max-video-preview:-1"},"canonical":"https:\/\/americanleather.com.mx\/","og_locale":"es_ES","og_type":"article","og_title":"Pagina Principal - Ame Leather Company","og_url":"https:\/\/americanleather.com.mx\/","og_site_name":"Ame Leather Company","article_modified_time":"2023-05-25T03:49:07+00:00","twitter_card":"summary_large_image","twitter_misc":{"Tiempo de lectura":"1 minuto"},"schema":{"@context":"https:\/\/schema.org","@graph":[{"@type":"WebPage","@id":"https:\/\/americanleather.com.mx\/","url":"https:\/\/americanleather.com.mx\/","name":"Pagina Principal - Ame Leather Company","isPartOf":{"@id":"https:\/\/americanleather.com.mx\/#website"},"datePublished":"2023-01-12T00:55:52+00:00","dateModified":"2023-05-25T03:49:07+00:00","breadcrumb":{"@id":"https:\/\/americanleather.com.mx\/#breadcrumb"},"inLanguage":"es","potentialAction":[{"@type":"ReadAction","target":["https:\/\/americanleather.com.mx\/"]}]},{"@type":"BreadcrumbList","@id":"https:\/\/americanleather.com.mx\/#breadcrumb","itemListElement":[{"@type":"ListItem","position":1,"name":"Portada","item":"https:\/\/americanleather.com.mx\/"},{"@type":"ListItem","position":2,"name":"Pagina Principal"}]},{"@type":"WebSite","@id":"https:\/\/americanleather.com.mx\/#website","url":"https:\/\/americanleather.com.mx\/","name":"Ame Leather Company","description":"Cueros y Pieles","publisher":{"@id":"https:\/\/americanleather.com.mx\/#organization"},"potentialAction":[{"@type":"SearchAction","target":{"@type":"EntryPoint","urlTemplate":"https:\/\/americanleather.com.mx\/?s={search_term_string}"},"query-input":"required name=search_term_string"}],"inLanguage":"es"},{"@type":"Organization","@id":"https:\/\/americanleather.com.mx\/#organization","name":"Ame Leather Company","url":"https:\/\/americanleather.com.mx\/","logo":{"@type":"ImageObject","inLanguage":"es","@id":"https:\/\/americanleather.com.mx\/#\/schema\/logo\/image\/","url":"https:\/\/americanleather.com.mx\/wp-content\/uploads\/2023\/01\/cropped-American-Logo-Vino-scaled-1.jpg","contentUrl":"https:\/\/americanleather.com.mx\/wp-content\/uploads\/2023\/01\/cropped-American-Logo-Vino-scaled-1.jpg","width":2462,"height":1046,"caption":"Ame Leather Company"},"image":{"@id":"https:\/\/americanleather.com.mx\/#\/schema\/logo\/image\/"}}]}},"_links":{"self":[{"href":"https:\/\/americanleather.com.mx\/index.php?rest_route=\/wp\/v2\/pages\/31","targetHints":{"allow":["GET"]}}],"collection":[{"href":"https:\/\/americanleather.com.mx\/index.php?rest_route=\/wp\/v2\/pages"}],"about":[{"href":"https:\/\/americanleather.com.mx\/index.php?rest_route=\/wp\/v2\/types\/page"}],"author":[{"embeddable":true,"href":"https:\/\/americanleather.com.mx\/index.php?rest_route=\/wp\/v2\/users\/1"}],"replies":[{"embeddable":true,"href":"https:\/\/americanleather.com.mx\/index.php?rest_route=%2Fwp%2Fv2%2Fcomments&post=31"}],"version-history":[{"count":128,"href":"https:\/\/americanleather.com.mx\/index.php?rest_route=\/wp\/v2\/pages\/31\/revisions"}],"predecessor-version":[{"id":459,"href":"https:\/\/americanleather.com.mx\/index.php?rest_route=\/wp\/v2\/pages\/31\/revisions\/459"}],"wp:attachment":[{"href":"https:\/\/americanleather.com.mx\/index.php?rest_route=%2Fwp%2Fv2%2Fmedia&parent=31"}],"curies":[{"name":"wp","href":"https:\/\/api.w.org\/{rel}","templated":true}]}}