{"id":32,"date":"2023-01-12T00:55:52","date_gmt":"2023-01-12T00:55:52","guid":{"rendered":"http:\/\/americanleather.com.mx\/about\/"},"modified":"2023-05-25T03:50:36","modified_gmt":"2023-05-25T03:50:36","slug":"about","status":"publish","type":"page","link":"https:\/\/americanleather.com.mx\/?page_id=32","title":{"rendered":"Acerca De Nosotros"},"content":{"rendered":"\n\n\n<h4>Acerca de Nosotros<\/h4>\n\n<p style=\"text-align: center;\">Contamos con m\u00e1s de 20 a\u00f1os de experiencia en el mercado para resolver los problemas de abastecimiento, con honestidad hacia los clientes a nivel global.<br><br>Prepar\u00e1ndonos con una proveedur\u00eda nacional del Norte y Centro del pa\u00eds. Generando alianzas estrat\u00e9gicas con compa\u00f1\u00edas certificadas LWG y una proveedur\u00eda garantizada de 400,000 cueros anuales, comprometidos con una trazabilidad y entregas homog\u00e9neas a tiempo. Somos ejemplo en la provedur\u00eda de cueros para la fabricaci\u00f3n de calzado, marroquiner\u00eda, tapicer\u00eda automotriz y tapicer\u00eda para muebles. 100% responsable con el medio ambiente con procesos muy eficientes.<br><\/p><p\u00a0style=\"text-align: justify;\"=\"\"> <\/p\u00a0style=\"text-align:>\n\n\n\n\n\n<h3>Misi\u00f3n<\/h3>\n<p style=\"font-size: small;\">Liderar la proveedur\u00eda de piel a nivel Mundial. Utilizar el negocio para inspirar e implementar soluciones en el problema ambiental, as\u00ed como proveer el mejor producto, innovando y obteniendo los m\u00e1s altos est\u00e1ndares de calidad.<\/p>\n\n\n\n\n\n\n\n\n\n<h3>visi\u00f3n<\/h3>\n<p style=\"font-size: small;\">Ofrecer al mundo una cartera de marcas de pieles, que se anticipan y satisfacen los deseos y las necesidades de nuestros clientes. Ser una empresa curtidora ambientalmente responsable que compite diariamente ante los nuevo<span style=\"font-size:small;\"><\/span>s mercados internacionales, con la mayor calidad, confiabilidad, servicio, global.<\/p>\n\n\n\n\n\n\n\n","protected":false},"excerpt":{"rendered":"","protected":false},"author":0,"featured_media":0,"parent":0,"menu_order":0,"comment_status":"closed","ping_status":"closed","template":"","meta":{"_joinchat":[],"footnotes":""},"class_list":["post-32","page","type-page","status-publish","hentry"],"yoast_head":"<!-- This site is optimized with the Yoast SEO plugin v21.2 - https:\/\/yoast.com\/wordpress\/plugins\/seo\/ -->\n<title>Acerca De Nosotros - Ame Leather Company<\/title>\n<meta name=\"robots\" content=\"index, follow, max-snippet:-1, max-image-preview:large, max-video-preview:-1\" \/>\n<link rel=\"canonical\" href=\"https:\/\/americanleather.com.mx\/?page_id=32\" \/>\n<meta property=\"og:locale\" content=\"es_ES\" \/>\n<meta property=\"og:type\" content=\"article\" \/>\n<meta property=\"og:title\" content=\"Acerca De Nosotros - Ame Leather Company\" \/>\n<meta property=\"og:url\" content=\"https:\/\/americanleather.com.mx\/?page_id=32\" \/>\n<meta property=\"og:site_name\" content=\"Ame Leather Company\" \/>\n<meta property=\"article:modified_time\" content=\"2023-05-25T03:50:36+00:00\" \/>\n<meta name=\"twitter:card\" content=\"summary_large_image\" \/>\n<meta name=\"twitter:label1\" content=\"Tiempo de lectura\" \/>\n\t<meta name=\"twitter:data1\" content=\"1 minuto\" \/>\n<script type=\"application\/ld+json\" class=\"yoast-schema-graph\">{\"@context\":\"https:\/\/schema.org\",\"@graph\":[{\"@type\":\"WebPage\",\"@id\":\"https:\/\/americanleather.com.mx\/?page_id=32\",\"url\":\"https:\/\/americanleather.com.mx\/?page_id=32\",\"name\":\"Acerca De Nosotros - Ame Leather Company\",\"isPartOf\":{\"@id\":\"https:\/\/americanleather.com.mx\/#website\"},\"datePublished\":\"2023-01-12T00:55:52+00:00\",\"dateModified\":\"2023-05-25T03:50:36+00:00\",\"breadcrumb\":{\"@id\":\"https:\/\/americanleather.com.mx\/?page_id=32#breadcrumb\"},\"inLanguage\":\"es\",\"potentialAction\":[{\"@type\":\"ReadAction\",\"target\":[\"https:\/\/americanleather.com.mx\/?page_id=32\"]}]},{\"@type\":\"BreadcrumbList\",\"@id\":\"https:\/\/americanleather.com.mx\/?page_id=32#breadcrumb\",\"itemListElement\":[{\"@type\":\"ListItem\",\"position\":1,\"name\":\"Portada\",\"item\":\"https:\/\/americanleather.com.mx\/\"},{\"@type\":\"ListItem\",\"position\":2,\"name\":\"Acerca De Nosotros\"}]},{\"@type\":\"WebSite\",\"@id\":\"https:\/\/americanleather.com.mx\/#website\",\"url\":\"https:\/\/americanleather.com.mx\/\",\"name\":\"Ame Leather Company\",\"description\":\"Cueros y Pieles\",\"publisher\":{\"@id\":\"https:\/\/americanleather.com.mx\/#organization\"},\"potentialAction\":[{\"@type\":\"SearchAction\",\"target\":{\"@type\":\"EntryPoint\",\"urlTemplate\":\"https:\/\/americanleather.com.mx\/?s={search_term_string}\"},\"query-input\":\"required name=search_term_string\"}],\"inLanguage\":\"es\"},{\"@type\":\"Organization\",\"@id\":\"https:\/\/americanleather.com.mx\/#organization\",\"name\":\"Ame Leather Company\",\"url\":\"https:\/\/americanleather.com.mx\/\",\"logo\":{\"@type\":\"ImageObject\",\"inLanguage\":\"es\",\"@id\":\"https:\/\/americanleather.com.mx\/#\/schema\/logo\/image\/\",\"url\":\"https:\/\/americanleather.com.mx\/wp-content\/uploads\/2023\/01\/cropped-American-Logo-Vino-scaled-1.jpg\",\"contentUrl\":\"https:\/\/americanleather.com.mx\/wp-content\/uploads\/2023\/01\/cropped-American-Logo-Vino-scaled-1.jpg\",\"width\":2462,\"height\":1046,\"caption\":\"Ame Leather Company\"},\"image\":{\"@id\":\"https:\/\/americanleather.com.mx\/#\/schema\/logo\/image\/\"}}]}<\/script>\n<!-- \/ Yoast SEO plugin. -->","yoast_head_json":{"title":"Acerca De Nosotros - Ame Leather Company","robots":{"index":"index","follow":"follow","max-snippet":"max-snippet:-1","max-image-preview":"max-image-preview:large","max-video-preview":"max-video-preview:-1"},"canonical":"https:\/\/americanleather.com.mx\/?page_id=32","og_locale":"es_ES","og_type":"article","og_title":"Acerca De Nosotros - Ame Leather Company","og_url":"https:\/\/americanleather.com.mx\/?page_id=32","og_site_name":"Ame Leather Company","article_modified_time":"2023-05-25T03:50:36+00:00","twitter_card":"summary_large_image","twitter_misc":{"Tiempo de lectura":"1 minuto"},"schema":{"@context":"https:\/\/schema.org","@graph":[{"@type":"WebPage","@id":"https:\/\/americanleather.com.mx\/?page_id=32","url":"https:\/\/americanleather.com.mx\/?page_id=32","name":"Acerca De Nosotros - Ame Leather Company","isPartOf":{"@id":"https:\/\/americanleather.com.mx\/#website"},"datePublished":"2023-01-12T00:55:52+00:00","dateModified":"2023-05-25T03:50:36+00:00","breadcrumb":{"@id":"https:\/\/americanleather.com.mx\/?page_id=32#breadcrumb"},"inLanguage":"es","potentialAction":[{"@type":"ReadAction","target":["https:\/\/americanleather.com.mx\/?page_id=32"]}]},{"@type":"BreadcrumbList","@id":"https:\/\/americanleather.com.mx\/?page_id=32#breadcrumb","itemListElement":[{"@type":"ListItem","position":1,"name":"Portada","item":"https:\/\/americanleather.com.mx\/"},{"@type":"ListItem","position":2,"name":"Acerca De Nosotros"}]},{"@type":"WebSite","@id":"https:\/\/americanleather.com.mx\/#website","url":"https:\/\/americanleather.com.mx\/","name":"Ame Leather Company","description":"Cueros y Pieles","publisher":{"@id":"https:\/\/americanleather.com.mx\/#organization"},"potentialAction":[{"@type":"SearchAction","target":{"@type":"EntryPoint","urlTemplate":"https:\/\/americanleather.com.mx\/?s={search_term_string}"},"query-input":"required name=search_term_string"}],"inLanguage":"es"},{"@type":"Organization","@id":"https:\/\/americanleather.com.mx\/#organization","name":"Ame Leather Company","url":"https:\/\/americanleather.com.mx\/","logo":{"@type":"ImageObject","inLanguage":"es","@id":"https:\/\/americanleather.com.mx\/#\/schema\/logo\/image\/","url":"https:\/\/americanleather.com.mx\/wp-content\/uploads\/2023\/01\/cropped-American-Logo-Vino-scaled-1.jpg","contentUrl":"https:\/\/americanleather.com.mx\/wp-content\/uploads\/2023\/01\/cropped-American-Logo-Vino-scaled-1.jpg","width":2462,"height":1046,"caption":"Ame Leather Company"},"image":{"@id":"https:\/\/americanleather.com.mx\/#\/schema\/logo\/image\/"}}]}},"_links":{"self":[{"href":"https:\/\/americanleather.com.mx\/index.php?rest_route=\/wp\/v2\/pages\/32","targetHints":{"allow":["GET"]}}],"collection":[{"href":"https:\/\/americanleather.com.mx\/index.php?rest_route=\/wp\/v2\/pages"}],"about":[{"href":"https:\/\/americanleather.com.mx\/index.php?rest_route=\/wp\/v2\/types\/page"}],"replies":[{"embeddable":true,"href":"https:\/\/americanleather.com.mx\/index.php?rest_route=%2Fwp%2Fv2%2Fcomments&post=32"}],"version-history":[{"count":21,"href":"https:\/\/americanleather.com.mx\/index.php?rest_route=\/wp\/v2\/pages\/32\/revisions"}],"predecessor-version":[{"id":460,"href":"https:\/\/americanleather.com.mx\/index.php?rest_route=\/wp\/v2\/pages\/32\/revisions\/460"}],"wp:attachment":[{"href":"https:\/\/americanleather.com.mx\/index.php?rest_route=%2Fwp%2Fv2%2Fmedia&parent=32"}],"curies":[{"name":"wp","href":"https:\/\/api.w.org\/{rel}","templated":true}]}}